{"id":17163,"date":"2021-01-13T10:12:32","date_gmt":"2021-01-13T09:12:32","guid":{"rendered":"https:\/\/www.italiaonline.it\/iol-advertising-2021\/?page_id=17163"},"modified":"2023-06-12T09:07:09","modified_gmt":"2023-06-12T07:07:09","slug":"policy-creativita","status":"publish","type":"page","link":"https:\/\/www.italiaonline.it\/iol-advertising\/formati-adv\/policy-creativita\/","title":{"rendered":"Policy Creativit\u00e0"},"content":{"rendered":"<p>[vc_row][vc_column]<style>.ld_spacer_69ee8c5d07683{height:140px;}<\/style>\n<div class=\"ld-empty-space ld_spacer_69ee8c5d07683\"><span class=\"liquid_empty_space_inner\"><\/span><\/div><style>.ld_fancy_heading_69ee8c5d07ad2 h6{font-size:12PX;font-weight:600;letter-spacing:0.2em;color:#de1e63;}.ld_fancy_heading_69ee8c5d07ad2 .lqd-highlight-inner{height:0.275em;bottom:0px;}<\/style><div class=\"ld-fancy-heading text-uppercase ld_fancy_heading_69ee8c5d07ad2\">\n\t<h6 class=\"lqd-highlight-underline lqd-highlight-grow-left\" ><span class=\"ld-fh-txt\"> FORMATI ADV<\/span><\/h6><\/div><style>.ld_fancy_heading_69ee8c5d08120 h1{font-size:70px;color:rgb(0, 0, 0);}.ld_fancy_heading_69ee8c5d08120 .lqd-highlight-inner{height:0.275em;bottom:0px;}<\/style><div class=\"ld-fancy-heading ld_fancy_heading_69ee8c5d08120\">\n\t<h1 class=\"lqd-highlight-underline lqd-highlight-grow-left\" data-fittext=\"true\" data-fittext-options='{\"compressor\":1,\"maxFontSize\":\"70px\",\"minFontSize\":\"40px\"}'><span class=\"ld-fh-txt\"> Policy Creativit\u00e0<\/span><\/h1><\/div><style>.ld_spacer_69ee8c5d082d4{height:5px;}<\/style>\n<div class=\"ld-empty-space ld_spacer_69ee8c5d082d4\"><span class=\"liquid_empty_space_inner\"><\/span><\/div>[\/vc_column][\/vc_row][vc_row][vc_column][vc_custom_heading text=&#8221;Termini di invio&#8221; font_container=&#8221;tag:h2|text_align:left|color:%23de1e63&#8243;]<style>.ld_spacer_69ee8c5d083cd{height:5px;}<\/style>\n<div class=\"ld-empty-space ld_spacer_69ee8c5d083cd\"><span class=\"liquid_empty_space_inner\"><\/span><\/div>[vc_column_text]Inviare tutte le creativit\u00e0 a Traffico Italiaonline e\/o a eventuali Terze Parti come da specifiche:<\/p>\n<ul>\n<li>entro 3 giorni lavorativi per tutti i formati<\/li>\n<li>entro il mercoled\u00ec mattina in caso di campagne in partenza il sabato\/domenica\/luned\u00ec<\/li>\n<\/ul>\n<p>La mancata osservanza dei tempi potr\u00e0 comportare ritardi nella pubblicazione.[\/vc_column_text]<style>.ld_spacer_69ee8c5d084dc{height:40px;}<\/style>\n<div class=\"ld-empty-space ld_spacer_69ee8c5d084dc\"><span class=\"liquid_empty_space_inner\"><\/span><\/div>[vc_separator][vc_custom_heading text=&#8221;Modalit\u00e0 di invio&#8221; font_container=&#8221;tag:h2|text_align:left|color:%23de1e63&#8243;][vc_custom_heading text=&#8221;ID ordine e descrizione nell\u2019oggetto email&#8221; font_container=&#8221;tag:h4|text_align:left&#8221;]<style>.ld_spacer_69ee8c5d085e3{height:5px;}<\/style>\n<div class=\"ld-empty-space ld_spacer_69ee8c5d085e3\"><span class=\"liquid_empty_space_inner\"><\/span><\/div>[vc_column_text]<\/p>\n<ul>\n<li>Traffico Italiaonline invia all\u2019inserzionista (a inizio lavorazione campagna) una mail di richiesta creativit\u00e0 con \u2013 nell\u2019oggetto \u2013 l\u2019ID ordine Italiaonline seguito da una breve Descrizione (Es: LB_012345 \u2013 Nome inserzionista Nome prodotto Mese Anno).<\/li>\n<li>Si richiede di mantenere ID ordine + Descrizione nelle successive mail cos\u00ec da consentire la corretta gestione dell\u2019ordine.<\/li>\n<li>Se l\u2019inserzionista scrive prima o non dispone dell\u2019ID ordine, si richiede di inserire nell\u2019oggetto della mail: Nome inserzionista \u2013 Nome prodotto \u2013 Mese\/Anno.<\/li>\n<\/ul>\n<p>[\/vc_column_text]<style>.ld_spacer_69ee8c5d086c5{height:5px;}<\/style>\n<div class=\"ld-empty-space ld_spacer_69ee8c5d086c5\"><span class=\"liquid_empty_space_inner\"><\/span><\/div>[vc_custom_heading text=&#8221;Cosa inviare via email&#8221; font_container=&#8221;tag:h4|text_align:left&#8221;]<style>.ld_spacer_69ee8c5d0879c{height:5px;}<\/style>\n<div class=\"ld-empty-space ld_spacer_69ee8c5d0879c\"><span class=\"liquid_empty_space_inner\"><\/span><\/div>[vc_column_text]Oltre al citato oggetto (e ai materiali indicati nelle singole specifiche) si richiede di inserire in ogni comunicazione i seguenti elementi:<\/p>\n<p><strong>DISPLAY<\/strong><\/p>\n<p><strong>File della creativit\u00e0:<\/strong><\/p>\n<ul>\n<li>Immagini, animazioni (*.jpg, *.gif, \u2026) gi\u00e0 ottimizzati per l\u2019erogazione.<\/li>\n<li>Si prega di non inviare i file sorgente (*.psd, \u2026): Italiaonline non modifica le creativit\u00e0.<\/li>\n<\/ul>\n<p>&nbsp;<\/p>\n<p><strong>Tracciamenti:<\/strong><\/p>\n<ul>\n<li>Url di destinazione o click command.<\/li>\n<li>Tracking pixel in modalit\u00e0 sicura (se richiesto e compatibile con il formato).<\/li>\n<\/ul>\n<p>&nbsp;<\/p>\n<p><strong>Redirect:<\/strong><\/p>\n<ul>\n<li>Italiaonline utilizza l\u2019Ad Server DFP (DoubleClick for Publishers). Per campagne in redirect, fornire quindi il Tag con macro (anti-caching e click) adeguate per DFP. In alternativa, fornire le istruzioni che ci consentano di personalizzare il Tag, cos\u00ec da ottenere il corretto funzionamento dell\u2019anti-caching e la registrazione dei click su DFP.<\/li>\n<li>Qualora l\u2019inserzionista voglia utilizzare tag di tipo DFA (DoubleClick for Advertisers), richiediamo di inviarci sia la versione Javascript che la versione Internal Redirect.<\/li>\n<\/ul>\n<p>&nbsp;<\/p>\n<p><strong>DEM<\/strong><\/p>\n<p>Italiaonline utilizza per invii su propri DB la piattaforma mappEngage.<\/p>\n<ul>\n<li>Allegare sempre i file HTML con path assoluto delle immagini.<\/li>\n<li>In caso di DEM con tracciamenti interni del cliente, per permettere un corretto conteggio dei click e delle impression, \u00e8 necessario sostituire\u00a0il parametro anti-caching\u00a0<em>o [timestamp]<\/em>)\u00a0con la chiave primaria distintiva di mappEngage\u00a0&lt;%${ecm:random(1, 1000000000)}%&gt;\u00a0\u00a0\u00a0 ecm:process=\u201dfalse\u201d.<\/li>\n<\/ul>\n<p>[\/vc_column_text]<style>.ld_spacer_69ee8c5d0886f{height:40px;}<\/style>\n<div class=\"ld-empty-space ld_spacer_69ee8c5d0886f\"><span class=\"liquid_empty_space_inner\"><\/span><\/div>[vc_separator][vc_custom_heading text=&#8221;Specifiche generali&#8221; font_container=&#8221;tag:h2|text_align:left|color:%23de1e63&#8243;][vc_custom_heading text=&#8221;Numero di creativit\u00e0 per annuncio pubblicitario&#8221; font_container=&#8221;tag:h4|text_align:left&#8221;]<style>.ld_spacer_69ee8c5d0897f{height:5px;}<\/style>\n<div class=\"ld-empty-space ld_spacer_69ee8c5d0897f\"><span class=\"liquid_empty_space_inner\"><\/span><\/div>[vc_column_text]<\/p>\n<ul>\n<li><strong>1 per i formati:<\/strong> Brand Header, Brand Header Mobile, Companion, Companion Cross Device, Companion Local Multisize, Companion Mail, Companion Masthead, Companion Masthead Mobile, Companion Maxi, Companion Maxi Terze Parti, Companion Superleaderboard, Crispy Skin, Crispy Slider Skin, Full Domination, Full Domination Crispy Skin, Full Domination Local, Full Domination Terze Parti, Full Domination Video Maxi, Login Storytelling, Login Video,\u00a0Preroll Plus, Sticky Footer.<\/li>\n<li><strong>Da 1 a 3 per i formati:<\/strong> Login Responsive, Parallax Video, Pull Banner, Pull Banner Store Locator.<\/li>\n<li><strong>Da 1 a 5 per tutti gli altri formati<\/strong> (escluse DEM).<\/li>\n<li><strong>6 per i formati:<\/strong> Cover+Native \u00e8 previsto un solo soggetto creativo declinato per 4 o 6 condizioni meteo a seconda del periodo dell\u2019anno.<\/li>\n<li>Campagne gestite in <strong>Garanteed Self Hosted:<\/strong> il numero delle creativit\u00e0 presenti in un LI potrebbe subire variazioni.<\/li>\n<\/ul>\n<p>[\/vc_column_text]<style>.ld_spacer_69ee8c5d08a58{height:5px;}<\/style>\n<div class=\"ld-empty-space ld_spacer_69ee8c5d08a58\"><span class=\"liquid_empty_space_inner\"><\/span><\/div>[vc_custom_heading text=&#8221;Peso creativit\u00e0&#8221; font_container=&#8221;tag:h4|text_align:left&#8221;]<style>.ld_spacer_69ee8c5d08b27{height:5px;}<\/style>\n<div class=\"ld-empty-space ld_spacer_69ee8c5d08b27\"><span class=\"liquid_empty_space_inner\"><\/span><\/div>[vc_column_text]Si richiede di rispettare il peso massimo riportato nelle singole specifiche. In casi eccezionali potr\u00e0 essere concordato un incremento, comunque non superiore al 10%.[\/vc_column_text][vc_custom_heading text=&#8221;Pianificazioni deal self-hosted&#8221; font_container=&#8221;tag:h4|text_align:left&#8221;]<style>.ld_spacer_69ee8c5d08bf3{height:5px;}<\/style>\n<div class=\"ld-empty-space ld_spacer_69ee8c5d08bf3\"><span class=\"liquid_empty_space_inner\"><\/span><\/div>[vc_column_text]In caso di pianificazioni Deal SelfHosted, non \u00e8 possibile configurare nessun criterio di erogazione creativit\u00e0.[\/vc_column_text]<style>.ld_spacer_69ee8c5d08cd0{height:5px;}<\/style>\n<div class=\"ld-empty-space ld_spacer_69ee8c5d08cd0\"><span class=\"liquid_empty_space_inner\"><\/span><\/div>[vc_custom_heading text=&#8221;Ottimizzazione DEM&#8221; font_container=&#8221;tag:h4|text_align:left&#8221;]<style>.ld_spacer_69ee8c5d08db0{height:5px;}<\/style>\n<div class=\"ld-empty-space ld_spacer_69ee8c5d08db0\"><span class=\"liquid_empty_space_inner\"><\/span><\/div>[vc_column_text]<\/p>\n<p>Le DEM inviate da Italiaonline sono ottimizzate per una corretta visualizzazione su webmail (Libero e Virgilio), sui browser pi\u00f9 diffusi (Internet Explorer 7 o successivi, Firefox e Google Chrome), o tramite i principali client di posta elettronica.<\/p>\n<p>[\/vc_column_text]<style>.ld_spacer_69ee8c5d08e7b{height:40px;}<\/style>\n<div class=\"ld-empty-space ld_spacer_69ee8c5d08e7b\"><span class=\"liquid_empty_space_inner\"><\/span><\/div>[vc_separator][vc_custom_heading text=&#8221;Conformit\u00e0&#8221; font_container=&#8221;tag:h2|text_align:left|color:%23de1e63&#8243;][vc_column_text]<\/p>\n<p>Le creativit\u00e0 devono essere conformi a quanto indicato nelle Condizioni Generali di Contratto, nonch\u00e9 alle specifiche ed alle policy di Italiaonline. In caso contrario saranno rinviate al mittente, con la richiesta di correzione. Questo potr\u00e0 comportare ritardi nella data di pubblicazione delle creativit\u00e0.<\/p>\n<p>[\/vc_column_text]<style>.ld_spacer_69ee8c5d08f43{height:40px;}<\/style>\n<div class=\"ld-empty-space ld_spacer_69ee8c5d08f43\"><span class=\"liquid_empty_space_inner\"><\/span><\/div>[vc_separator][vc_custom_heading text=&#8221;Certificazioni&#8221; font_container=&#8221;tag:h2|text_align:left|color:%23de1e63&#8243;][vc_column_text]<\/p>\n<p>Italiaonline pubblica solo creativit\u00e0 preventivamente certificate. Nel caso l\u2019inserzionista si serva direttamente di piattaforme di Terze Parti, \u00e8 necessario verificare con Italiaonline che la creativit\u00e0 sia stata certificata da Italiaonline con la piattaforma utilizzata.<br \/>\nPer qualsiasi informazione l\u2019inserzionista pu\u00f2 rivolgersi al suo Sales Account di riferimento.<br \/>\nRicordiamo che eventuali nuove certificazioni richiederanno dei tempi tecnici variabili secondo la complessit\u00e0 del formato e il numero di richieste gi\u00e0 in lavorazione.<\/p>\n<p>[\/vc_column_text]<style>.ld_spacer_69ee8c5d09008{height:40px;}<\/style>\n<div class=\"ld-empty-space ld_spacer_69ee8c5d09008\"><span class=\"liquid_empty_space_inner\"><\/span><\/div>[vc_separator][vc_custom_heading text=&#8221;Approvazione e responsabilit\u00e0&#8221; font_container=&#8221;tag:h2|text_align:left|color:%23de1e63&#8243;][vc_column_text]Italiaonline pubblica solo creativit\u00e0 preventivamente certificate. Nel caso l\u2019inserzionista si serva direttamente di piattaforme di Terze Parti, \u00e8 necessario verificare con Italiaonline che la creativit\u00e0 sia stata certificata da Italiaonline con la piattaforma utilizzata.<br \/>\nItaliaonline sar\u00e0 libera di non accettare e\/o di rimuovere le creativit\u00e0 fornite dall\u2019Inserzionista, che devono comunque essere conformi a tutte le disposizione di legge vigente e, in particolare, al Codice del Consumo (d.lgs. 206\/2005), al Testo Unico delle Radiotelevisioni (d.lgs. 177\/2005) e al Codice di Autodisciplina della Comunicazione Commerciale. In ogni caso, l\u2019inserzionista dovr\u00e0 manlevare Italiaonline da qualsiasi pretesa di terzi avente ad oggetto le creativit\u00e0 messe online.<\/p>\n<p>La titolarit\u00e0 dei dati degli utenti oggetto di comunicazioni commerciali appartiene alla sola Italiaonline: la raccolta dei consensi e delle disiscrizioni dalle varie comunicazioni \u00e8 a cura esclusiva di Italiaonline, in qualit\u00e0 di titolare del dato. Non \u00e8 possibile inserire in alcuna comunicazione altri link di disiscrizione diversi da quelle ufficiali che riconducono alla disiscrizione dal db di Italiaonline.[\/vc_column_text]<style>.ld_spacer_69ee8c5d090df{height:140px;}<\/style>\n<div class=\"ld-empty-space ld_spacer_69ee8c5d090df\"><span class=\"liquid_empty_space_inner\"><\/span><\/div>[\/vc_column][\/vc_row]<\/p>\n","protected":false},"excerpt":{"rendered":"<p>[vc_row][vc_column][\/vc_column][\/vc_row][vc_row][vc_column][vc_custom_heading text=&#8221;Termini di invio&#8221; font_container=&#8221;tag:h2|text_align:left|color:%23de1e63&#8243;][vc_column_text]Inviare tutte le creativit\u00e0 a Traffico Italiaonline e\/o a eventuali Terze&#8230;<\/p>\n","protected":false},"author":2,"featured_media":0,"parent":30157,"menu_order":0,"comment_status":"closed","ping_status":"closed","template":"","meta":{"_acf_changed":false,"inline_featured_image":false,"rs_blank_template":"","rs_page_bg_color":"#ffffff","slide_template_v7":"","footnotes":""},"class_list":["post-17163","page","type-page","status-publish","hentry"],"yoast_head":"<!-- This site is optimized with the Yoast SEO plugin v25.6 - https:\/\/yoast.com\/wordpress\/plugins\/seo\/ -->\n<title>Policy Creativit\u00e0 - Formati ADV - IOL Advertising<\/title>\n<meta name=\"description\" content=\"Policy per le creativit\u00e0 dei formati ADV Italiaonline IOL Advertising: termini e modalit\u00e0 di invio, specifiche generali, conformit\u00e0, certificazioni, approvazione e responsabilit\u00e0.\" \/>\n<meta name=\"robots\" content=\"index, follow, max-snippet:-1, max-image-preview:large, max-video-preview:-1\" \/>\n<link rel=\"canonical\" href=\"https:\/\/www.italiaonline.it\/iol-advertising\/formati-adv\/policy-creativita\/\" \/>\n<meta property=\"og:locale\" content=\"it_IT\" \/>\n<meta property=\"og:type\" content=\"article\" \/>\n<meta property=\"og:title\" content=\"Policy Creativit\u00e0 - Formati ADV - IOL Advertising\" \/>\n<meta property=\"og:description\" content=\"Policy per le creativit\u00e0 dei formati ADV Italiaonline IOL Advertising: termini e modalit\u00e0 di invio, specifiche generali, conformit\u00e0, certificazioni, approvazione e responsabilit\u00e0.\" \/>\n<meta property=\"og:url\" content=\"https:\/\/www.italiaonline.it\/iol-advertising\/formati-adv\/policy-creativita\/\" \/>\n<meta property=\"og:site_name\" content=\"iOL Advertising\" \/>\n<meta property=\"article:modified_time\" content=\"2023-06-12T07:07:09+00:00\" \/>\n<meta name=\"twitter:card\" content=\"summary_large_image\" \/>\n<meta name=\"twitter:label1\" content=\"Tempo di lettura stimato\" \/>\n\t<meta name=\"twitter:data1\" content=\"6 minuti\" \/>\n<script type=\"application\/ld+json\" class=\"yoast-schema-graph\">{\"@context\":\"https:\/\/schema.org\",\"@graph\":[{\"@type\":\"WebPage\",\"@id\":\"https:\/\/www.italiaonline.it\/iol-advertising\/formati-adv\/policy-creativita\/\",\"url\":\"https:\/\/www.italiaonline.it\/iol-advertising\/formati-adv\/policy-creativita\/\",\"name\":\"Policy Creativit\u00e0 - Formati ADV - IOL Advertising\",\"isPartOf\":{\"@id\":\"https:\/\/www.italiaonline.it\/iol-advertising\/#website\"},\"datePublished\":\"2021-01-13T09:12:32+00:00\",\"dateModified\":\"2023-06-12T07:07:09+00:00\",\"description\":\"Policy per le creativit\u00e0 dei formati ADV Italiaonline IOL Advertising: termini e modalit\u00e0 di invio, specifiche generali, conformit\u00e0, certificazioni, approvazione e responsabilit\u00e0.\",\"breadcrumb\":{\"@id\":\"https:\/\/www.italiaonline.it\/iol-advertising\/formati-adv\/policy-creativita\/#breadcrumb\"},\"inLanguage\":\"it-IT\",\"potentialAction\":[{\"@type\":\"ReadAction\",\"target\":[\"https:\/\/www.italiaonline.it\/iol-advertising\/formati-adv\/policy-creativita\/\"]}]},{\"@type\":\"BreadcrumbList\",\"@id\":\"https:\/\/www.italiaonline.it\/iol-advertising\/formati-adv\/policy-creativita\/#breadcrumb\",\"itemListElement\":[{\"@type\":\"ListItem\",\"position\":1,\"name\":\"Home\",\"item\":\"https:\/\/www.italiaonline.it\/iol-advertising\/\"},{\"@type\":\"ListItem\",\"position\":2,\"name\":\"Formati ADV\",\"item\":\"https:\/\/www.italiaonline.it\/iol-advertising\/formati-adv\/\"},{\"@type\":\"ListItem\",\"position\":3,\"name\":\"Policy Creativit\u00e0\"}]},{\"@type\":\"WebSite\",\"@id\":\"https:\/\/www.italiaonline.it\/iol-advertising\/#website\",\"url\":\"https:\/\/www.italiaonline.it\/iol-advertising\/\",\"name\":\"iOL Advertising\",\"description\":\"Sito iOL Advertising\",\"potentialAction\":[{\"@type\":\"SearchAction\",\"target\":{\"@type\":\"EntryPoint\",\"urlTemplate\":\"https:\/\/www.italiaonline.it\/iol-advertising\/?s={search_term_string}\"},\"query-input\":{\"@type\":\"PropertyValueSpecification\",\"valueRequired\":true,\"valueName\":\"search_term_string\"}}],\"inLanguage\":\"it-IT\"}]}<\/script>\n<!-- \/ Yoast SEO plugin. -->","yoast_head_json":{"title":"Policy Creativit\u00e0 - Formati ADV - IOL Advertising","description":"Policy per le creativit\u00e0 dei formati ADV Italiaonline IOL Advertising: termini e modalit\u00e0 di invio, specifiche generali, conformit\u00e0, certificazioni, approvazione e responsabilit\u00e0.","robots":{"index":"index","follow":"follow","max-snippet":"max-snippet:-1","max-image-preview":"max-image-preview:large","max-video-preview":"max-video-preview:-1"},"canonical":"https:\/\/www.italiaonline.it\/iol-advertising\/formati-adv\/policy-creativita\/","og_locale":"it_IT","og_type":"article","og_title":"Policy Creativit\u00e0 - Formati ADV - IOL Advertising","og_description":"Policy per le creativit\u00e0 dei formati ADV Italiaonline IOL Advertising: termini e modalit\u00e0 di invio, specifiche generali, conformit\u00e0, certificazioni, approvazione e responsabilit\u00e0.","og_url":"https:\/\/www.italiaonline.it\/iol-advertising\/formati-adv\/policy-creativita\/","og_site_name":"iOL Advertising","article_modified_time":"2023-06-12T07:07:09+00:00","twitter_card":"summary_large_image","twitter_misc":{"Tempo di lettura stimato":"6 minuti"},"schema":{"@context":"https:\/\/schema.org","@graph":[{"@type":"WebPage","@id":"https:\/\/www.italiaonline.it\/iol-advertising\/formati-adv\/policy-creativita\/","url":"https:\/\/www.italiaonline.it\/iol-advertising\/formati-adv\/policy-creativita\/","name":"Policy Creativit\u00e0 - Formati ADV - IOL Advertising","isPartOf":{"@id":"https:\/\/www.italiaonline.it\/iol-advertising\/#website"},"datePublished":"2021-01-13T09:12:32+00:00","dateModified":"2023-06-12T07:07:09+00:00","description":"Policy per le creativit\u00e0 dei formati ADV Italiaonline IOL Advertising: termini e modalit\u00e0 di invio, specifiche generali, conformit\u00e0, certificazioni, approvazione e responsabilit\u00e0.","breadcrumb":{"@id":"https:\/\/www.italiaonline.it\/iol-advertising\/formati-adv\/policy-creativita\/#breadcrumb"},"inLanguage":"it-IT","potentialAction":[{"@type":"ReadAction","target":["https:\/\/www.italiaonline.it\/iol-advertising\/formati-adv\/policy-creativita\/"]}]},{"@type":"BreadcrumbList","@id":"https:\/\/www.italiaonline.it\/iol-advertising\/formati-adv\/policy-creativita\/#breadcrumb","itemListElement":[{"@type":"ListItem","position":1,"name":"Home","item":"https:\/\/www.italiaonline.it\/iol-advertising\/"},{"@type":"ListItem","position":2,"name":"Formati ADV","item":"https:\/\/www.italiaonline.it\/iol-advertising\/formati-adv\/"},{"@type":"ListItem","position":3,"name":"Policy Creativit\u00e0"}]},{"@type":"WebSite","@id":"https:\/\/www.italiaonline.it\/iol-advertising\/#website","url":"https:\/\/www.italiaonline.it\/iol-advertising\/","name":"iOL Advertising","description":"Sito iOL Advertising","potentialAction":[{"@type":"SearchAction","target":{"@type":"EntryPoint","urlTemplate":"https:\/\/www.italiaonline.it\/iol-advertising\/?s={search_term_string}"},"query-input":{"@type":"PropertyValueSpecification","valueRequired":true,"valueName":"search_term_string"}}],"inLanguage":"it-IT"}]}},"acf":[],"_links":{"self":[{"href":"https:\/\/www.italiaonline.it\/iol-advertising\/wp-json\/wp\/v2\/pages\/17163"}],"collection":[{"href":"https:\/\/www.italiaonline.it\/iol-advertising\/wp-json\/wp\/v2\/pages"}],"about":[{"href":"https:\/\/www.italiaonline.it\/iol-advertising\/wp-json\/wp\/v2\/types\/page"}],"author":[{"embeddable":true,"href":"https:\/\/www.italiaonline.it\/iol-advertising\/wp-json\/wp\/v2\/users\/2"}],"replies":[{"embeddable":true,"href":"https:\/\/www.italiaonline.it\/iol-advertising\/wp-json\/wp\/v2\/comments?post=17163"}],"version-history":[{"count":3,"href":"https:\/\/www.italiaonline.it\/iol-advertising\/wp-json\/wp\/v2\/pages\/17163\/revisions"}],"predecessor-version":[{"id":32447,"href":"https:\/\/www.italiaonline.it\/iol-advertising\/wp-json\/wp\/v2\/pages\/17163\/revisions\/32447"}],"up":[{"embeddable":true,"href":"https:\/\/www.italiaonline.it\/iol-advertising\/wp-json\/wp\/v2\/pages\/30157"}],"wp:attachment":[{"href":"https:\/\/www.italiaonline.it\/iol-advertising\/wp-json\/wp\/v2\/media?parent=17163"}],"curies":[{"name":"wp","href":"https:\/\/api.w.org\/{rel}","templated":true}]}}