{"id":40166,"date":"2020-03-01T16:59:26","date_gmt":"2020-03-01T15:59:26","guid":{"rendered":"https:\/\/www.italiaonline.it\/corporate\/?page_id=40166\/"},"modified":"2022-12-28T10:47:32","modified_gmt":"2022-12-28T09:47:32","slug":"statuto","status":"publish","type":"page","link":"https:\/\/www.italiaonline.it\/archivio\/governance\/corporate-governance\/statuto\/","title":{"rendered":"Statuto"},"content":{"rendered":"<p>[et_pb_section fb_built=&#8221;1&#8243; disabled_on=&#8221;||off&#8221; admin_label=&#8221;Section&#8221; module_class=&#8221;iol_page_header&#8221; _builder_version=&#8221;3.22&#8243; background_color=&#8221;#F6F6F6&#8243; custom_padding=&#8221;0px|0px|0px|0px&#8221; transparent_background=&#8221;off&#8221; make_fullwidth=&#8221;off&#8221; use_custom_width=&#8221;off&#8221; width_unit=&#8221;on&#8221; global_colors_info=&#8221;{}&#8221;][et_pb_row column_padding_mobile=&#8221;on&#8221; admin_label=&#8221;Row&#8221; module_class=&#8221; et_pb_row_fullwidth&#8221; _builder_version=&#8221;3.25&#8243; background_size=&#8221;initial&#8221; background_position=&#8221;top_left&#8221; background_repeat=&#8221;repeat&#8221; width=&#8221;89%&#8221; width_tablet=&#8221;80%&#8221; width_phone=&#8221;80%&#8221; width_last_edited=&#8221;on|desktop&#8221; max_width=&#8221;89%&#8221; max_width_tablet=&#8221;80%&#8221; max_width_phone=&#8221;80%&#8221; max_width_last_edited=&#8221;on|desktop&#8221; custom_padding=&#8221;20px|0px|20px|0px&#8221; make_fullwidth=&#8221;on&#8221; use_custom_width=&#8221;off&#8221; width_unit=&#8221;off&#8221; custom_width_percent=&#8221;100%&#8221; global_colors_info=&#8221;{}&#8221;][et_pb_column type=&#8221;4_4&#8243; _builder_version=&#8221;3.25&#8243; custom_padding=&#8221;|||&#8221; global_colors_info=&#8221;{}&#8221; custom_padding__hover=&#8221;|||&#8221;][et_pb_text disabled_on=&#8221;off||&#8221; admin_label=&#8221;Text&#8221; _builder_version=&#8221;4.13.1&#8243; background_size=&#8221;initial&#8221; background_position=&#8221;top_left&#8221; background_repeat=&#8221;repeat&#8221; background_layout=&#8221;dark&#8221; hover_enabled=&#8221;0&#8243; use_border_color=&#8221;off&#8221; border_color=&#8221;#ffffff&#8221; border_style=&#8221;solid&#8221; saved_tabs=&#8221;all&#8221; global_colors_info=&#8221;{}&#8221; sticky_enabled=&#8221;0&#8243;]<span class=\"first_level\"><a href=\"https:\/\/www.italiaonline.it\/archivio\/\">Governance<\/a><\/span><span class=\"second_level\">Corporate Governance<\/span>[\/et_pb_text][\/et_pb_column][\/et_pb_row][\/et_pb_section][et_pb_section fb_built=&#8221;1&#8243; custom_padding_last_edited=&#8221;on|desktop&#8221; admin_label=&#8221;section&#8221; _builder_version=&#8221;3.22&#8243; custom_padding_tablet=&#8221;50px|0|50px|0&#8243; custom_padding_phone=&#8221;50px|0|50px|0&#8243; transparent_background=&#8221;off&#8221; padding_mobile=&#8221;off&#8221; make_fullwidth=&#8221;off&#8221; use_custom_width=&#8221;off&#8221; width_unit=&#8221;on&#8221; custom_width_px=&#8221;1080px&#8221; custom_width_percent=&#8221;80%&#8221; global_colors_info=&#8221;{}&#8221;][et_pb_row column_structure=&#8221;1_4,3_4&#8243; padding_mobile=&#8221;off&#8221; column_padding_mobile=&#8221;on&#8221; admin_label=&#8221;row&#8221; _builder_version=&#8221;3.25&#8243; background_size=&#8221;initial&#8221; background_position=&#8221;top_left&#8221; background_repeat=&#8221;repeat&#8221; make_fullwidth=&#8221;off&#8221; use_custom_width=&#8221;off&#8221; width_unit=&#8221;off&#8221; custom_width_px=&#8221;1080px&#8221; custom_width_percent=&#8221;80%&#8221; global_colors_info=&#8221;{}&#8221;][et_pb_column type=&#8221;1_4&#8243; _builder_version=&#8221;3.25&#8243; custom_padding=&#8221;|||&#8221; global_colors_info=&#8221;{}&#8221; custom_padding__hover=&#8221;|||&#8221;][et_pb_sidebar area=&#8221;et_pb_widget_area_1&#8243; admin_label=&#8221;Barra Laterale&#8221; _builder_version=&#8221;3.0.74&#8243; remove_border=&#8221;off&#8221; global_colors_info=&#8221;{}&#8221;][\/et_pb_sidebar][\/et_pb_column][et_pb_column type=&#8221;3_4&#8243; _builder_version=&#8221;3.25&#8243; custom_padding=&#8221;|||&#8221; global_colors_info=&#8221;{}&#8221; custom_padding__hover=&#8221;|||&#8221;][et_pb_text admin_label=&#8221;Statuto &#8211; titolo&#8221; module_class=&#8221;iol_product_title&#8221; _builder_version=&#8221;3.27.4&#8243; background_size=&#8221;initial&#8221; background_position=&#8221;top_left&#8221; background_repeat=&#8221;repeat&#8221; use_border_color=&#8221;off&#8221; border_color=&#8221;#ffffff&#8221; border_style=&#8221;solid&#8221; global_colors_info=&#8221;{}&#8221;]<\/p>\n<h1>Statuto<\/h1>\n<p>[\/et_pb_text][et_pb_text admin_label=&#8221;Statuto &#8211; testo&#8221; _builder_version=&#8221;4.13.1&#8243; background_size=&#8221;initial&#8221; background_position=&#8221;top_left&#8221; background_repeat=&#8221;repeat&#8221; hover_enabled=&#8221;0&#8243; use_border_color=&#8221;off&#8221; border_color=&#8221;#ffffff&#8221; border_style=&#8221;solid&#8221; global_colors_info=&#8221;{}&#8221; sticky_enabled=&#8221;0&#8243;]<\/p>\n<h3>Statuto Sociale della Italiaonline S.p.A.<\/h3>\n<p>La c.d. \u201cShareholders Rights\u201d (Dlgs 27 gennaio 2010 n. 27) recepisce la direttiva comunitaria n. 2007\/36\/CE relativa all\u2019esercizio di alcuni diritti\u00a0 da parte degli azionisti\u00a0 delle societ\u00e0 quotate. In particolare, il decreto modifica gli articoli 2366\/2373 del codice civile e incide profondamente sul Dlgs n. 58 del 2008 (TUF), introducendo\u00a0 importanti novit\u00e0 per le societ\u00e0 quotate, con particolare riguardo allo svolgimento delle attivit\u00e0 assembleari. Ci\u00f2 posto, il Consiglio di Amministrazione \u2013 valendosi della previsione di cui all\u2019art. 19, C II, dello statuto sociale, che prevede la competenza ad assumere le deliberazioni concernenti gli adeguamenti dello statuto a disposizioni normative \u2013 nel corso della riunione del 19 ottobre 2010, ha adottato le cosiddette \u201cmodifiche obbligatorie incondizionate\u201d, ovvero quelle inderogabilmente dettate dal nuovo testo legislativo vigente. In particolare, sono stati modificati gli articoli 8 \u2013 Diritto di intervento, 10 \u2013 Convocazione, 14 \u2013 Composizione del Consiglio di Amministrazione, 22 \u2013 Collegio sindacale, ed \u00e8 stato altres\u00ec inserito l\u2019articolo 27 \u2013 Disposizioni transitorie. Con l\u2019occasione, sono state altres\u00ec modificate alcune disposizioni divenute incompatibili, alla luce della nuova normativa, oppure desuete. Successivamente, l\u2019Assemblea degli Azionisti del 20 aprile 2011, in sede Straordinaria, ha approvato alcune modifiche statutarie principalmente finalizzate al completamento degli interventi di adeguamento al decreto legislativo 27 gennaio 2010 n. 27 \u2013 che ha recepito la precitata direttiva comunitaria n. 2007\/36\/CE relativa all\u2019esercizio\u00a0 di alcuni diritti da parte degli azionisti\u00a0 delle societ\u00e0 quotate \u2013 e in materia di operazioni con parti correlate. Le modifiche approvate, in particolare, attribuiscono al Consiglio di Amministrazione la facolt\u00e0 di: (i) designare per ciascuna Assemblea un soggetto a cui i Soci possano conferire gratuitamente delega, dandone specifica comunicazione nell\u2019avviso di convocazione della relativa Assemblea; (ii) convocare l\u2019Assemblea di bilancio entro 180 giorni dalla chiusura dell\u2019esercizio; (iii) convocare l\u2019Assemblea ordinaria e straordinaria in unica convocazione. Inoltre, ai sensi dell\u2019art. 104, C1-Ter del decreto legislativo n. 58\/1998, \u00e8 stata attribuita al Consiglio di Amministrazione la facolt\u00e0 di porre in essere misure difensive in presenza di offerte pubbliche di acquisto e scambio. Infine, \u00e8 stata approvata la facolt\u00e0 di introdurre nella Procedura in materia di Operazioni con Parti Correlate alcuni meccanismi di approvazione di operazioni in deroga alla procedura stessa. Infine l\u2019assemblea del 12 giugno 2012 ha adottato alcune modifiche allo statuto sociale derivanti principalmente dalla necessit\u00e0 di adeguamento alla disciplina introdotta dalla Legge n. 120 del 12 luglio 2011, in materia di equilibrio tra i generi nella composizione degli organi di amministrazione e controllo delle societ\u00e0 quotate. In allegato, si riporta il nuovo testo di Statuto Sociale di Italiaonline S.p.A., a seguito dell\u2019esercizio parziale della delega &#8211; conferita dall\u2019Assemblea Straordinaria dell\u20198 marzo 2016 e deliberata dal Consiglio di Amministrazione dell\u20198 novembre 2017 &#8211; ad aumentare il capitale sociale ai sensi dell\u2019art. 2443 del codice civile, a pagamento, in via scindibile e con esclusione del diritto di opzione ai sensi dell\u2019art. 2441, commi 5\u00b0, 6\u00b0 e 8\u00b0 del codice civile, per un importo complessivo di massimi nominali Euro 148.948,18 oltre al sovrapprezzo, mediante emissione di massime n. 854.576 azioni ordinarie prive del valore nominale, riservate in sottoscrizione ai beneficiari della tranche A del Piano di Stock Option 2014-2018.<br \/>\n[\/et_pb_text][et_pb_text admin_label=&#8221;nome_documento&#8221; module_class=&#8221;nome_documento&#8221; _builder_version=&#8221;3.27.4&#8243; background_size=&#8221;initial&#8221; background_position=&#8221;top_left&#8221; background_repeat=&#8221;repeat&#8221; use_border_color=&#8221;off&#8221; border_color=&#8221;#ffffff&#8221; border_style=&#8221;solid&#8221; global_colors_info=&#8221;{}&#8221;]Statuto sociale della Italiaonline S.p.A.<br \/>\n[\/et_pb_text][et_pb_button button_url=&#8221;https:\/\/www.italiaonline.it\/wp-content\/uploads\/2018\/05\/ITALIAONLINE-STATUTO-27-aprile-2018-ITA.pdf&#8221; url_new_window=&#8221;on&#8221; button_text=&#8221;pdf&#8221; button_alignment=&#8221;left&#8221; admin_label=&#8221;Pulsante&#8221; module_class=&#8221;scarica&#8221; _builder_version=&#8221;3.16&#8243; button_letter_spacing_hover=&#8221;0&#8243; global_colors_info=&#8221;{}&#8221; button_text_size__hover_enabled=&#8221;off&#8221; button_one_text_size__hover_enabled=&#8221;off&#8221; button_two_text_size__hover_enabled=&#8221;off&#8221; button_text_color__hover_enabled=&#8221;off&#8221; button_one_text_color__hover_enabled=&#8221;off&#8221; button_two_text_color__hover_enabled=&#8221;off&#8221; button_border_width__hover_enabled=&#8221;off&#8221; button_one_border_width__hover_enabled=&#8221;off&#8221; button_two_border_width__hover_enabled=&#8221;off&#8221; button_border_color__hover_enabled=&#8221;off&#8221; button_one_border_color__hover_enabled=&#8221;off&#8221; button_two_border_color__hover_enabled=&#8221;off&#8221; button_border_radius__hover_enabled=&#8221;off&#8221; button_one_border_radius__hover_enabled=&#8221;off&#8221; button_two_border_radius__hover_enabled=&#8221;off&#8221; button_letter_spacing__hover_enabled=&#8221;on&#8221; button_letter_spacing__hover=&#8221;0&#8243; button_one_letter_spacing__hover_enabled=&#8221;off&#8221; button_two_letter_spacing__hover_enabled=&#8221;off&#8221; button_bg_color__hover_enabled=&#8221;off&#8221; button_one_bg_color__hover_enabled=&#8221;off&#8221; button_two_bg_color__hover_enabled=&#8221;off&#8221;][\/et_pb_button][\/et_pb_column][\/et_pb_row][\/et_pb_section]<\/p>\n","protected":false},"excerpt":{"rendered":"<p>GovernanceCorporate GovernanceStatuto Statuto Sociale della Italiaonline S.p.A. La c.d. \u201cShareholders Rights\u201d (Dlgs 27 gennaio 2010 n. 27) recepisce la direttiva comunitaria n. 2007\/36\/CE relativa all\u2019esercizio di alcuni diritti\u00a0 da parte degli azionisti\u00a0 delle societ\u00e0 quotate. In particolare, il decreto modifica gli articoli 2366\/2373 del codice civile e incide profondamente sul Dlgs n. 58 del 2008 [&hellip;]<\/p>\n","protected":false},"author":2,"featured_media":0,"parent":206,"menu_order":1,"comment_status":"closed","ping_status":"closed","template":"","meta":{"_acf_changed":false,"_et_pb_use_builder":"on","_et_pb_old_content":"","_et_gb_content_width":"","inline_featured_image":false,"footnotes":""},"class_list":["post-40166","page","type-page","status-publish","hentry"],"yoast_head":"<!-- This site is optimized with the Yoast SEO plugin v27.4 - https:\/\/yoast.com\/product\/yoast-seo-wordpress\/ -->\n<title>Statuto - Corporate | Italiaonline<\/title>\n<meta name=\"description\" content=\"Entra nel sito web di Italiaonline. Leggi e scarica l&#039;allegato dove si riporta il nuovo testo di Statuto Sociale di Italiaonline S.p.A.\" \/>\n<meta name=\"robots\" content=\"noindex, follow, max-snippet:-1, max-image-preview:large, max-video-preview:-1\" \/>\n<meta property=\"og:locale\" content=\"it_IT\" \/>\n<meta property=\"og:type\" content=\"article\" \/>\n<meta property=\"og:title\" content=\"Statuto - Corporate | Italiaonline\" \/>\n<meta property=\"og:description\" content=\"Entra nel sito web di Italiaonline. Leggi e scarica l&#039;allegato dove si riporta il nuovo testo di Statuto Sociale di Italiaonline S.p.A.\" \/>\n<meta property=\"og:url\" content=\"https:\/\/www.italiaonline.it\/archivio\/governance\/corporate-governance\/statuto\/\" \/>\n<meta property=\"og:site_name\" content=\"Archivio\" \/>\n<meta property=\"article:modified_time\" content=\"2022-12-28T09:47:32+00:00\" \/>\n<meta name=\"twitter:card\" content=\"summary_large_image\" \/>\n<meta name=\"twitter:label1\" content=\"Tempo di lettura stimato\" \/>\n\t<meta name=\"twitter:data1\" content=\"6 minuti\" \/>\n<script type=\"application\/ld+json\" class=\"yoast-schema-graph\">{\"@context\":\"https:\\\/\\\/schema.org\",\"@graph\":[{\"@type\":\"WebPage\",\"@id\":\"https:\\\/\\\/www.italiaonline.it\\\/archivio\\\/governance\\\/corporate-governance\\\/statuto\\\/\",\"url\":\"https:\\\/\\\/www.italiaonline.it\\\/archivio\\\/governance\\\/corporate-governance\\\/statuto\\\/\",\"name\":\"Statuto - Corporate | Italiaonline\",\"isPartOf\":{\"@id\":\"https:\\\/\\\/www.italiaonline.it\\\/archivio\\\/#website\"},\"datePublished\":\"2020-03-01T15:59:26+00:00\",\"dateModified\":\"2022-12-28T09:47:32+00:00\",\"description\":\"Entra nel sito web di Italiaonline. Leggi e scarica l'allegato dove si riporta il nuovo testo di Statuto Sociale di Italiaonline S.p.A.\",\"breadcrumb\":{\"@id\":\"https:\\\/\\\/www.italiaonline.it\\\/archivio\\\/governance\\\/corporate-governance\\\/statuto\\\/#breadcrumb\"},\"inLanguage\":\"it-IT\",\"potentialAction\":[{\"@type\":\"ReadAction\",\"target\":[\"https:\\\/\\\/www.italiaonline.it\\\/archivio\\\/governance\\\/corporate-governance\\\/statuto\\\/\"]}]},{\"@type\":\"BreadcrumbList\",\"@id\":\"https:\\\/\\\/www.italiaonline.it\\\/archivio\\\/governance\\\/corporate-governance\\\/statuto\\\/#breadcrumb\",\"itemListElement\":[{\"@type\":\"ListItem\",\"position\":1,\"name\":\"Home\",\"item\":\"https:\\\/\\\/www.italiaonline.it\\\/archivio\\\/\"},{\"@type\":\"ListItem\",\"position\":2,\"name\":\"Governance\",\"item\":\"https:\\\/\\\/www.italiaonline.it\\\/archivio\\\/\"},{\"@type\":\"ListItem\",\"position\":3,\"name\":\"Corporate Governance\",\"item\":\"https:\\\/\\\/www.italiaonline.it\\\/archivio\\\/governance\\\/corporate-governance\\\/\"},{\"@type\":\"ListItem\",\"position\":4,\"name\":\"Statuto\"}]},{\"@type\":\"WebSite\",\"@id\":\"https:\\\/\\\/www.italiaonline.it\\\/archivio\\\/#website\",\"url\":\"https:\\\/\\\/www.italiaonline.it\\\/archivio\\\/\",\"name\":\"Archivio\",\"description\":\"Ecco un altro sito Network Corporate siti\",\"potentialAction\":[{\"@type\":\"SearchAction\",\"target\":{\"@type\":\"EntryPoint\",\"urlTemplate\":\"https:\\\/\\\/www.italiaonline.it\\\/archivio\\\/?s={search_term_string}\"},\"query-input\":{\"@type\":\"PropertyValueSpecification\",\"valueRequired\":true,\"valueName\":\"search_term_string\"}}],\"inLanguage\":\"it-IT\"}]}<\/script>\n<!-- \/ Yoast SEO plugin. -->","yoast_head_json":{"title":"Statuto - Corporate | Italiaonline","description":"Entra nel sito web di Italiaonline. Leggi e scarica l'allegato dove si riporta il nuovo testo di Statuto Sociale di Italiaonline S.p.A.","robots":{"index":"noindex","follow":"follow","max-snippet":"max-snippet:-1","max-image-preview":"max-image-preview:large","max-video-preview":"max-video-preview:-1"},"og_locale":"it_IT","og_type":"article","og_title":"Statuto - Corporate | Italiaonline","og_description":"Entra nel sito web di Italiaonline. Leggi e scarica l'allegato dove si riporta il nuovo testo di Statuto Sociale di Italiaonline S.p.A.","og_url":"https:\/\/www.italiaonline.it\/archivio\/governance\/corporate-governance\/statuto\/","og_site_name":"Archivio","article_modified_time":"2022-12-28T09:47:32+00:00","twitter_card":"summary_large_image","twitter_misc":{"Tempo di lettura stimato":"6 minuti"},"schema":{"@context":"https:\/\/schema.org","@graph":[{"@type":"WebPage","@id":"https:\/\/www.italiaonline.it\/archivio\/governance\/corporate-governance\/statuto\/","url":"https:\/\/www.italiaonline.it\/archivio\/governance\/corporate-governance\/statuto\/","name":"Statuto - Corporate | Italiaonline","isPartOf":{"@id":"https:\/\/www.italiaonline.it\/archivio\/#website"},"datePublished":"2020-03-01T15:59:26+00:00","dateModified":"2022-12-28T09:47:32+00:00","description":"Entra nel sito web di Italiaonline. Leggi e scarica l'allegato dove si riporta il nuovo testo di Statuto Sociale di Italiaonline S.p.A.","breadcrumb":{"@id":"https:\/\/www.italiaonline.it\/archivio\/governance\/corporate-governance\/statuto\/#breadcrumb"},"inLanguage":"it-IT","potentialAction":[{"@type":"ReadAction","target":["https:\/\/www.italiaonline.it\/archivio\/governance\/corporate-governance\/statuto\/"]}]},{"@type":"BreadcrumbList","@id":"https:\/\/www.italiaonline.it\/archivio\/governance\/corporate-governance\/statuto\/#breadcrumb","itemListElement":[{"@type":"ListItem","position":1,"name":"Home","item":"https:\/\/www.italiaonline.it\/archivio\/"},{"@type":"ListItem","position":2,"name":"Governance","item":"https:\/\/www.italiaonline.it\/archivio\/"},{"@type":"ListItem","position":3,"name":"Corporate Governance","item":"https:\/\/www.italiaonline.it\/archivio\/governance\/corporate-governance\/"},{"@type":"ListItem","position":4,"name":"Statuto"}]},{"@type":"WebSite","@id":"https:\/\/www.italiaonline.it\/archivio\/#website","url":"https:\/\/www.italiaonline.it\/archivio\/","name":"Archivio","description":"Ecco un altro sito Network Corporate siti","potentialAction":[{"@type":"SearchAction","target":{"@type":"EntryPoint","urlTemplate":"https:\/\/www.italiaonline.it\/archivio\/?s={search_term_string}"},"query-input":{"@type":"PropertyValueSpecification","valueRequired":true,"valueName":"search_term_string"}}],"inLanguage":"it-IT"}]}},"acf":[],"_links":{"self":[{"href":"https:\/\/www.italiaonline.it\/archivio\/wp-json\/wp\/v2\/pages\/40166","targetHints":{"allow":["GET"]}}],"collection":[{"href":"https:\/\/www.italiaonline.it\/archivio\/wp-json\/wp\/v2\/pages"}],"about":[{"href":"https:\/\/www.italiaonline.it\/archivio\/wp-json\/wp\/v2\/types\/page"}],"author":[{"embeddable":true,"href":"https:\/\/www.italiaonline.it\/archivio\/wp-json\/wp\/v2\/users\/2"}],"replies":[{"embeddable":true,"href":"https:\/\/www.italiaonline.it\/archivio\/wp-json\/wp\/v2\/comments?post=40166"}],"version-history":[{"count":3,"href":"https:\/\/www.italiaonline.it\/archivio\/wp-json\/wp\/v2\/pages\/40166\/revisions"}],"predecessor-version":[{"id":47165,"href":"https:\/\/www.italiaonline.it\/archivio\/wp-json\/wp\/v2\/pages\/40166\/revisions\/47165"}],"up":[{"embeddable":true,"href":"https:\/\/www.italiaonline.it\/archivio\/wp-json\/wp\/v2\/pages\/206"}],"wp:attachment":[{"href":"https:\/\/www.italiaonline.it\/archivio\/wp-json\/wp\/v2\/media?parent=40166"}],"curies":[{"name":"wp","href":"https:\/\/api.w.org\/{rel}","templated":true}]}}