{"id":17737,"date":"2017-02-22T17:52:23","date_gmt":"2017-02-22T16:52:23","guid":{"rendered":"http:\/\/www.italiaonline.it\/?page_id=17737\/"},"modified":"2022-12-29T12:49:29","modified_gmt":"2022-12-29T11:49:29","slug":"obbligazionisti-ex-seat-pg","status":"publish","type":"page","link":"https:\/\/www.italiaonline.it\/archivio\/governance\/documentazione-societaria\/obbligazionisti-ex-seat-pg\/","title":{"rendered":"Obbligazionisti (ex Seat PG)"},"content":{"rendered":"<p>[et_pb_section fb_built=&#8221;1&#8243; disabled_on=&#8221;||off&#8221; admin_label=&#8221;Section&#8221; module_class=&#8221;iol_page_header&#8221; _builder_version=&#8221;3.22&#8243; background_color=&#8221;#F6F6F6&#8243; custom_padding=&#8221;0px|0px|0px|0px&#8221; transparent_background=&#8221;off&#8221; make_fullwidth=&#8221;off&#8221; use_custom_width=&#8221;off&#8221; width_unit=&#8221;on&#8221; global_colors_info=&#8221;{}&#8221;][et_pb_row column_padding_mobile=&#8221;on&#8221; admin_label=&#8221;Row&#8221; module_class=&#8221; et_pb_row_fullwidth&#8221; _builder_version=&#8221;3.25&#8243; background_size=&#8221;initial&#8221; background_position=&#8221;top_left&#8221; background_repeat=&#8221;repeat&#8221; width=&#8221;89%&#8221; width_tablet=&#8221;80%&#8221; width_phone=&#8221;80%&#8221; width_last_edited=&#8221;on|desktop&#8221; max_width=&#8221;89%&#8221; max_width_tablet=&#8221;80%&#8221; max_width_phone=&#8221;80%&#8221; max_width_last_edited=&#8221;on|desktop&#8221; custom_padding=&#8221;20px|0px|20px|0px&#8221; make_fullwidth=&#8221;on&#8221; use_custom_width=&#8221;off&#8221; width_unit=&#8221;off&#8221; custom_width_px=&#8221;1080px&#8221; custom_width_percent=&#8221;100%&#8221; global_colors_info=&#8221;{}&#8221;][et_pb_column type=&#8221;4_4&#8243; _builder_version=&#8221;3.25&#8243; custom_padding=&#8221;|||&#8221; global_colors_info=&#8221;{}&#8221; custom_padding__hover=&#8221;|||&#8221;][et_pb_text disabled_on=&#8221;off||&#8221; admin_label=&#8221;Text&#8221; _builder_version=&#8221;4.13.1&#8243; header_font=&#8221;Open Sans Light||||&#8221; header_text_color=&#8221;#ff005c&#8221; header_font_size=&#8221;40px&#8221; background_size=&#8221;initial&#8221; background_position=&#8221;top_left&#8221; background_repeat=&#8221;repeat&#8221; background_layout=&#8221;dark&#8221; use_border_color=&#8221;off&#8221; border_color=&#8221;#ffffff&#8221; border_style=&#8221;solid&#8221; global_colors_info=&#8221;{}&#8221;]<span class=\"first_level\"><a href=\"https:\/\/www.italiaonline.it\/archivio\/\">Governance<\/a><\/span><span class=\"second_level\">Documentazione societaria<\/span>[\/et_pb_text][\/et_pb_column][\/et_pb_row][\/et_pb_section][et_pb_section fb_built=&#8221;1&#8243; admin_label=&#8221;Sezione&#8221; _builder_version=&#8221;3.22&#8243; global_colors_info=&#8221;{}&#8221;][et_pb_row column_structure=&#8221;1_4,3_4&#8243; admin_label=&#8221;Riga&#8221; _builder_version=&#8221;3.25&#8243; background_size=&#8221;initial&#8221; background_position=&#8221;top_left&#8221; background_repeat=&#8221;repeat&#8221; global_colors_info=&#8221;{}&#8221;][et_pb_column type=&#8221;1_4&#8243; _builder_version=&#8221;3.25&#8243; custom_padding=&#8221;|||&#8221; global_colors_info=&#8221;{}&#8221; custom_padding__hover=&#8221;|||&#8221;][et_pb_sidebar area=&#8221;et_pb_widget_area_1&#8243; admin_label=&#8221;Sidebar&#8221; module_class=&#8221;pacca&#8221; _builder_version=&#8221;3.0.74&#8243; remove_border=&#8221;off&#8221; global_colors_info=&#8221;{}&#8221;][\/et_pb_sidebar][\/et_pb_column][et_pb_column type=&#8221;3_4&#8243; _builder_version=&#8221;3.25&#8243; custom_padding=&#8221;|||&#8221; global_colors_info=&#8221;{}&#8221; custom_padding__hover=&#8221;|||&#8221;][et_pb_text admin_label=&#8221;Testo&#8221; _builder_version=&#8221;4.13.1&#8243; background_size=&#8221;initial&#8221; background_position=&#8221;top_left&#8221; background_repeat=&#8221;repeat&#8221; hover_enabled=&#8221;0&#8243; use_border_color=&#8221;off&#8221; border_color=&#8221;#ffffff&#8221; border_style=&#8221;solid&#8221; global_colors_info=&#8221;{}&#8221; sticky_enabled=&#8221;0&#8243;]<\/p>\n<h3>La presente sezione racchiude la documentazione la cui pubblicazione risultava obbligatoria fino alla revoca dalla quotazione delle azioni ordinarie e di risparmio di Italiaonline S.p.A.<\/h3>\n<p>[\/et_pb_text][et_pb_text admin_label=&#8221;titolo&#8221; module_class=&#8221;iol_product_title&#8221; _builder_version=&#8221;3.27.4&#8243; background_size=&#8221;initial&#8221; background_position=&#8221;top_left&#8221; background_repeat=&#8221;repeat&#8221; use_border_color=&#8221;off&#8221; border_color=&#8221;#ffffff&#8221; border_style=&#8221;solid&#8221; global_colors_info=&#8221;{}&#8221;]<\/p>\n<h1>Obbligazionisti (ex Seat Pagine Gialle)<\/h1>\n<p>[\/et_pb_text][et_pb_text admin_label=&#8221;Avvisi agli Obbligazionisti&#8221; _builder_version=&#8221;4.13.1&#8243; background_size=&#8221;initial&#8221; background_position=&#8221;top_left&#8221; background_repeat=&#8221;repeat&#8221; hover_enabled=&#8221;0&#8243; use_border_color=&#8221;off&#8221; border_color=&#8221;#ffffff&#8221; border_style=&#8221;solid&#8221; global_colors_info=&#8221;{}&#8221; sticky_enabled=&#8221;0&#8243;]<\/p>\n<h2>Avvisi agli Obbligazionisti<\/h2>\n<p>Gli avvisi agli obbligazionisti sono disponibili a <a href=\"\/archivio\/governance\/documentazione-societaria\/obbligazionisti-ex-seat-pg\/avvisi-agli-obbligazionisti\/\">questo link<\/a>[\/et_pb_text][et_pb_text admin_label=&#8221;Assemblee degli Obbligazionisti Senior Secured&#8221; _builder_version=&#8221;4.13.1&#8243; background_size=&#8221;initial&#8221; background_position=&#8221;top_left&#8221; background_repeat=&#8221;repeat&#8221; hover_enabled=&#8221;0&#8243; use_border_color=&#8221;off&#8221; border_color=&#8221;#ffffff&#8221; border_style=&#8221;solid&#8221; global_colors_info=&#8221;{}&#8221; sticky_enabled=&#8221;0&#8243;]<\/p>\n<h2>Assemblee degli Obbligazionisti Senior Secured<\/h2>\n<p>I documenti relativi alle assemblee degli obbligazionisti senior secured sono disponibili a <a href=\"https:\/\/www.italiaonline.it\/archivio\/governance\/documentazione-societaria\/obbligazionisti-ex-seat-pg\/assemblee-degli-obbligazionisti\/\">questo link<\/a>[\/et_pb_text][et_pb_text admin_label=&#8221;Verbali delle assemblee&#8221; _builder_version=&#8221;4.13.1&#8243; background_size=&#8221;initial&#8221; background_position=&#8221;top_left&#8221; background_repeat=&#8221;repeat&#8221; hover_enabled=&#8221;0&#8243; use_border_color=&#8221;off&#8221; border_color=&#8221;#ffffff&#8221; border_style=&#8221;solid&#8221; global_colors_info=&#8221;{}&#8221; sticky_enabled=&#8221;0&#8243;]<\/p>\n<h2>Verbali delle assemblee<\/h2>\n<p>I verbali delle assemblee sono disponibili a <a href=\"\/archivio\/governance\/documentazione-societaria\/obbligazionisti-ex-seat-pg\/verbali-assemblee\/\">questo link<\/a>[\/et_pb_text][et_pb_text admin_label=&#8221;Rappresentante Comune degli Obbligazionisti&#8221; _builder_version=&#8221;4.13.1&#8243; background_size=&#8221;initial&#8221; background_position=&#8221;top_left&#8221; background_repeat=&#8221;repeat&#8221; use_border_color=&#8221;off&#8221; border_color=&#8221;#ffffff&#8221; border_style=&#8221;solid&#8221; global_colors_info=&#8221;{}&#8221;]<\/p>\n<h2>Rappresentante Comune degli Obbligazionisti<\/h2>\n<p>[\/et_pb_text][et_pb_text admin_label=&#8221;Testo&#8221; _builder_version=&#8221;3.27.4&#8243; background_size=&#8221;initial&#8221; background_position=&#8221;top_left&#8221; background_repeat=&#8221;repeat&#8221; use_border_color=&#8221;off&#8221; border_color=&#8221;#ffffff&#8221; border_style=&#8221;solid&#8221; global_colors_info=&#8221;{}&#8221;]<\/p>\n<h3>Competenze<\/h3>\n<p>Il rappresentante comune degli obbligazionisti \u00e8 un&#8217;apposita figura a cui \u00e8 affidato il compito di tutelare gli interessi di tale categoria nei rapporti con la Societ\u00e0. Pu\u00f2 essere scelto al di fuori degli obbligazionisti e pu\u00f2 essere una persona fisica o una persona giuridica autorizzata alla prestazione dei servizi di investimento o ancora una societ\u00e0 fiduciaria. Dura in carica per il periodo stabilito dall&#8217;assemblea e comunque per un periodo non superiore a tre esercizi sociali e pu\u00f2 essere rieletto.<\/p>\n<p>In particolare:<\/p>\n<ul>\n<li>provvede all&#8217;esecuzione delle deliberazioni dell&#8217;assemblea degli obbligazionisti;<\/li>\n<li>assiste alle operazioni di sorteggio delle obbligazioni;<\/li>\n<li>ha diritto di assistere alle assemblee dei soci;<\/li>\n<li>ha la rappresentanza processuale degli obbligazionisti, anche nelle procedure concorsuali.<\/li>\n<\/ul>\n<p>&nbsp;<\/p>\n<p>In data 12 giugno 2012 l&#8217;Assemblea degli obbligazionisti del prestito &#8220;\u20ac550,000,000 10\u00bd Senior Secured Notes due 2017&#8221; di Seat PG Italia S.p.A.(CODICI ISIN: XS0482702395; XS0482720025) ha nominato <strong>Dario Loiacono<\/strong> Rappresentante Comune dei possessori delle medesime obbligazioni per gli esercizi 2013-2014-2015.<\/p>\n<p>In data 12 giugno 2013 l&#8217;Assemblea degli obbligazionisti del prestito &#8220;\u20ac200,000,000 10\u00bd Senior Secured Notes due 2017&#8221; di Seat PGItalia S.p.A. (CODICI ISIN: XS0546483834; XS0546484303) ha nominato <strong>Dario Loiacono<\/strong> Rappresentante Comune dei possessori delle medesime obbligazioni per gli esercizi 2013-2014-2015.<br \/>\n[\/et_pb_text][et_pb_text admin_label=&#8221;nome_documento cv&#8221; module_class=&#8221;nome_documento&#8221; _builder_version=&#8221;3.27.4&#8243; background_size=&#8221;initial&#8221; background_position=&#8221;top_left&#8221; background_repeat=&#8221;repeat&#8221; use_border_color=&#8221;off&#8221; border_color=&#8221;#ffffff&#8221; border_style=&#8221;solid&#8221; global_colors_info=&#8221;{}&#8221;]CV di Dario Loiacono<br \/>\n[\/et_pb_text][et_pb_button button_url=&#8221;https:\/\/www.italiaonline.it\/wp-content\/uploads\/2017\/02\/Curriculum_Vitae_Loiacono_eng.pdf&#8221; url_new_window=&#8221;on&#8221; button_text=&#8221;pdf&#8221; button_alignment=&#8221;left&#8221; admin_label=&#8221;Pulsante cv&#8221; module_class=&#8221;scarica&#8221; _builder_version=&#8221;4.13.1&#8243; hover_enabled=&#8221;0&#8243; button_letter_spacing_hover=&#8221;0&#8243; global_colors_info=&#8221;{}&#8221; button_text_size__hover_enabled=&#8221;off&#8221; button_one_text_size__hover_enabled=&#8221;off&#8221; button_two_text_size__hover_enabled=&#8221;off&#8221; button_text_color__hover_enabled=&#8221;off&#8221; button_one_text_color__hover_enabled=&#8221;off&#8221; button_two_text_color__hover_enabled=&#8221;off&#8221; button_border_width__hover_enabled=&#8221;off&#8221; button_one_border_width__hover_enabled=&#8221;off&#8221; button_two_border_width__hover_enabled=&#8221;off&#8221; button_border_color__hover_enabled=&#8221;off&#8221; button_one_border_color__hover_enabled=&#8221;off&#8221; button_two_border_color__hover_enabled=&#8221;off&#8221; button_border_radius__hover_enabled=&#8221;off&#8221; button_one_border_radius__hover_enabled=&#8221;off&#8221; button_two_border_radius__hover_enabled=&#8221;off&#8221; button_letter_spacing__hover_enabled=&#8221;on&#8221; button_letter_spacing__hover=&#8221;0&#8243; button_one_letter_spacing__hover_enabled=&#8221;off&#8221; button_two_letter_spacing__hover_enabled=&#8221;off&#8221; button_bg_color__hover_enabled=&#8221;off&#8221; button_one_bg_color__hover_enabled=&#8221;off&#8221; button_two_bg_color__hover_enabled=&#8221;off&#8221; sticky_enabled=&#8221;0&#8243;][\/et_pb_button][et_pb_text admin_label=&#8221;Testo&#8221; _builder_version=&#8221;3.27.4&#8243; background_size=&#8221;initial&#8221; background_position=&#8221;top_left&#8221; background_repeat=&#8221;repeat&#8221; use_border_color=&#8221;off&#8221; border_color=&#8221;#ffffff&#8221; border_style=&#8221;solid&#8221; global_colors_info=&#8221;{}&#8221;]L&#8217;Assemblea degli obbligazionisti del prestito &#8220;\u20ac65,000,000 10\u00bd Senior Secured Notes due 2017&#8221; di Seat Italia non si \u00e8 validamente costituita n\u00e9 in prima (l&#8217;11 giugno 2013), n\u00e9 in seconda convocazione.<\/p>\n<p>Con provvedimento depositato in data 17 luglio 2013, il Tribunale di Torino ha nominato &#8211; ai sensi dell&#8217;art. 2417, secondo comma, cod. civ. &#8211; l&#8217;avv. <strong>Annamaria Marcone<\/strong>, del Foro di Torino, quale Rappresentante Comune degli obbligazionisti del prestito &#8220;\u20ac65,000,000 10\u00bd Senior Secured Notes due 2017&#8243; (CODICI ISIN XS0825839045; XS0825838666). L&#8217;Avv. A. Marcone \u00e8 avvocato in Torino ed esperta in procedure concorsuali.<br \/>\n[\/et_pb_text][et_pb_text admin_label=&#8221;Comunicazioni del Rappresentante Comune degli Obbligazionisti&#8221; _builder_version=&#8221;4.13.1&#8243; background_size=&#8221;initial&#8221; background_position=&#8221;top_left&#8221; background_repeat=&#8221;repeat&#8221; use_border_color=&#8221;off&#8221; border_color=&#8221;#ffffff&#8221; border_style=&#8221;solid&#8221; global_colors_info=&#8221;{}&#8221;]<\/p>\n<h2>Comunicazioni del Rappresentante Comune degli Obbligazionisti<\/h2>\n<p>[\/et_pb_text][et_pb_common_rep_communications_blog meta_date=&#8221;j F Y&#8221; show_thumbnail=&#8221;off&#8221; show_author=&#8221;off&#8221; show_categories=&#8221;off&#8221; admin_label=&#8221;Comunicazioni Rappr. Comune&#8221; _builder_version=&#8221;4.13.1&#8243; header_font_size_tablet=&#8221;51&#8243; header_line_height_tablet=&#8221;2&#8243; meta_font_size_tablet=&#8221;51&#8243; meta_line_height_tablet=&#8221;2&#8243; body_font_size_tablet=&#8221;51&#8243; body_line_height_tablet=&#8221;2&#8243; global_colors_info=&#8221;{}&#8221;][\/et_pb_common_rep_communications_blog][\/et_pb_column][\/et_pb_row][\/et_pb_section]<\/p>\n","protected":false},"excerpt":{"rendered":"<p>GovernanceDocumentazione societariaLa presente sezione racchiude la documentazione la cui pubblicazione risultava obbligatoria fino alla revoca dalla quotazione delle azioni ordinarie e di risparmio di Italiaonline S.p.A. Obbligazionisti (ex Seat Pagine Gialle) Avvisi agli Obbligazionisti Gli avvisi agli obbligazionisti sono disponibili a questo linkAssemblee degli Obbligazionisti Senior Secured I documenti relativi alle assemblee degli obbligazionisti senior [&hellip;]<\/p>\n","protected":false},"author":2,"featured_media":0,"parent":211,"menu_order":9,"comment_status":"closed","ping_status":"closed","template":"","meta":{"_acf_changed":false,"_et_pb_use_builder":"on","_et_pb_old_content":"","_et_gb_content_width":"","inline_featured_image":false,"footnotes":""},"class_list":["post-17737","page","type-page","status-publish","hentry"],"yoast_head":"<!-- This site is optimized with the Yoast SEO plugin v27.4 - https:\/\/yoast.com\/product\/yoast-seo-wordpress\/ -->\n<title>Italiaonline - Obbligazionisti ex Seat Pagine Gialle<\/title>\n<meta name=\"description\" content=\"Tutta la documentazione relativa alle obbligazioni ex Seat Pagine Gialle: documenti e verbali delle Assemblee degli obbligazionisti, avvisi, comunicazioni.\" \/>\n<meta name=\"robots\" content=\"noindex, follow, max-snippet:-1, max-image-preview:large, max-video-preview:-1\" \/>\n<meta property=\"og:locale\" content=\"it_IT\" \/>\n<meta property=\"og:type\" content=\"article\" \/>\n<meta property=\"og:title\" content=\"Italiaonline - Obbligazionisti ex Seat Pagine Gialle\" \/>\n<meta property=\"og:description\" content=\"Tutta la documentazione relativa alle obbligazioni ex Seat Pagine Gialle: documenti e verbali delle Assemblee degli obbligazionisti, avvisi, comunicazioni.\" \/>\n<meta property=\"og:url\" content=\"https:\/\/www.italiaonline.it\/archivio\/governance\/documentazione-societaria\/obbligazionisti-ex-seat-pg\/\" \/>\n<meta property=\"og:site_name\" content=\"Archivio\" \/>\n<meta property=\"article:modified_time\" content=\"2022-12-29T11:49:29+00:00\" \/>\n<meta name=\"twitter:card\" content=\"summary_large_image\" \/>\n<meta name=\"twitter:label1\" content=\"Tempo di lettura stimato\" \/>\n\t<meta name=\"twitter:data1\" content=\"6 minuti\" \/>\n<script type=\"application\/ld+json\" class=\"yoast-schema-graph\">{\"@context\":\"https:\\\/\\\/schema.org\",\"@graph\":[{\"@type\":\"WebPage\",\"@id\":\"https:\\\/\\\/www.italiaonline.it\\\/archivio\\\/governance\\\/documentazione-societaria\\\/obbligazionisti-ex-seat-pg\\\/\",\"url\":\"https:\\\/\\\/www.italiaonline.it\\\/archivio\\\/governance\\\/documentazione-societaria\\\/obbligazionisti-ex-seat-pg\\\/\",\"name\":\"Italiaonline - Obbligazionisti ex Seat Pagine Gialle\",\"isPartOf\":{\"@id\":\"https:\\\/\\\/www.italiaonline.it\\\/archivio\\\/#website\"},\"datePublished\":\"2017-02-22T16:52:23+00:00\",\"dateModified\":\"2022-12-29T11:49:29+00:00\",\"description\":\"Tutta la documentazione relativa alle obbligazioni ex Seat Pagine Gialle: documenti e verbali delle Assemblee degli obbligazionisti, avvisi, comunicazioni.\",\"breadcrumb\":{\"@id\":\"https:\\\/\\\/www.italiaonline.it\\\/archivio\\\/governance\\\/documentazione-societaria\\\/obbligazionisti-ex-seat-pg\\\/#breadcrumb\"},\"inLanguage\":\"it-IT\",\"potentialAction\":[{\"@type\":\"ReadAction\",\"target\":[\"https:\\\/\\\/www.italiaonline.it\\\/archivio\\\/governance\\\/documentazione-societaria\\\/obbligazionisti-ex-seat-pg\\\/\"]}]},{\"@type\":\"BreadcrumbList\",\"@id\":\"https:\\\/\\\/www.italiaonline.it\\\/archivio\\\/governance\\\/documentazione-societaria\\\/obbligazionisti-ex-seat-pg\\\/#breadcrumb\",\"itemListElement\":[{\"@type\":\"ListItem\",\"position\":1,\"name\":\"Home\",\"item\":\"https:\\\/\\\/www.italiaonline.it\\\/archivio\\\/\"},{\"@type\":\"ListItem\",\"position\":2,\"name\":\"Governance\",\"item\":\"https:\\\/\\\/www.italiaonline.it\\\/archivio\\\/\"},{\"@type\":\"ListItem\",\"position\":3,\"name\":\"Documentazione societaria\",\"item\":\"https:\\\/\\\/www.italiaonline.it\\\/archivio\\\/governance\\\/documentazione-societaria\\\/\"},{\"@type\":\"ListItem\",\"position\":4,\"name\":\"Obbligazionisti (ex Seat PG)\"}]},{\"@type\":\"WebSite\",\"@id\":\"https:\\\/\\\/www.italiaonline.it\\\/archivio\\\/#website\",\"url\":\"https:\\\/\\\/www.italiaonline.it\\\/archivio\\\/\",\"name\":\"Archivio\",\"description\":\"Ecco un altro sito Network Corporate siti\",\"potentialAction\":[{\"@type\":\"SearchAction\",\"target\":{\"@type\":\"EntryPoint\",\"urlTemplate\":\"https:\\\/\\\/www.italiaonline.it\\\/archivio\\\/?s={search_term_string}\"},\"query-input\":{\"@type\":\"PropertyValueSpecification\",\"valueRequired\":true,\"valueName\":\"search_term_string\"}}],\"inLanguage\":\"it-IT\"}]}<\/script>\n<!-- \/ Yoast SEO plugin. -->","yoast_head_json":{"title":"Italiaonline - Obbligazionisti ex Seat Pagine Gialle","description":"Tutta la documentazione relativa alle obbligazioni ex Seat Pagine Gialle: documenti e verbali delle Assemblee degli obbligazionisti, avvisi, comunicazioni.","robots":{"index":"noindex","follow":"follow","max-snippet":"max-snippet:-1","max-image-preview":"max-image-preview:large","max-video-preview":"max-video-preview:-1"},"og_locale":"it_IT","og_type":"article","og_title":"Italiaonline - Obbligazionisti ex Seat Pagine Gialle","og_description":"Tutta la documentazione relativa alle obbligazioni ex Seat Pagine Gialle: documenti e verbali delle Assemblee degli obbligazionisti, avvisi, comunicazioni.","og_url":"https:\/\/www.italiaonline.it\/archivio\/governance\/documentazione-societaria\/obbligazionisti-ex-seat-pg\/","og_site_name":"Archivio","article_modified_time":"2022-12-29T11:49:29+00:00","twitter_card":"summary_large_image","twitter_misc":{"Tempo di lettura stimato":"6 minuti"},"schema":{"@context":"https:\/\/schema.org","@graph":[{"@type":"WebPage","@id":"https:\/\/www.italiaonline.it\/archivio\/governance\/documentazione-societaria\/obbligazionisti-ex-seat-pg\/","url":"https:\/\/www.italiaonline.it\/archivio\/governance\/documentazione-societaria\/obbligazionisti-ex-seat-pg\/","name":"Italiaonline - Obbligazionisti ex Seat Pagine Gialle","isPartOf":{"@id":"https:\/\/www.italiaonline.it\/archivio\/#website"},"datePublished":"2017-02-22T16:52:23+00:00","dateModified":"2022-12-29T11:49:29+00:00","description":"Tutta la documentazione relativa alle obbligazioni ex Seat Pagine Gialle: documenti e verbali delle Assemblee degli obbligazionisti, avvisi, comunicazioni.","breadcrumb":{"@id":"https:\/\/www.italiaonline.it\/archivio\/governance\/documentazione-societaria\/obbligazionisti-ex-seat-pg\/#breadcrumb"},"inLanguage":"it-IT","potentialAction":[{"@type":"ReadAction","target":["https:\/\/www.italiaonline.it\/archivio\/governance\/documentazione-societaria\/obbligazionisti-ex-seat-pg\/"]}]},{"@type":"BreadcrumbList","@id":"https:\/\/www.italiaonline.it\/archivio\/governance\/documentazione-societaria\/obbligazionisti-ex-seat-pg\/#breadcrumb","itemListElement":[{"@type":"ListItem","position":1,"name":"Home","item":"https:\/\/www.italiaonline.it\/archivio\/"},{"@type":"ListItem","position":2,"name":"Governance","item":"https:\/\/www.italiaonline.it\/archivio\/"},{"@type":"ListItem","position":3,"name":"Documentazione societaria","item":"https:\/\/www.italiaonline.it\/archivio\/governance\/documentazione-societaria\/"},{"@type":"ListItem","position":4,"name":"Obbligazionisti (ex Seat PG)"}]},{"@type":"WebSite","@id":"https:\/\/www.italiaonline.it\/archivio\/#website","url":"https:\/\/www.italiaonline.it\/archivio\/","name":"Archivio","description":"Ecco un altro sito Network Corporate siti","potentialAction":[{"@type":"SearchAction","target":{"@type":"EntryPoint","urlTemplate":"https:\/\/www.italiaonline.it\/archivio\/?s={search_term_string}"},"query-input":{"@type":"PropertyValueSpecification","valueRequired":true,"valueName":"search_term_string"}}],"inLanguage":"it-IT"}]}},"acf":[],"_links":{"self":[{"href":"https:\/\/www.italiaonline.it\/archivio\/wp-json\/wp\/v2\/pages\/17737","targetHints":{"allow":["GET"]}}],"collection":[{"href":"https:\/\/www.italiaonline.it\/archivio\/wp-json\/wp\/v2\/pages"}],"about":[{"href":"https:\/\/www.italiaonline.it\/archivio\/wp-json\/wp\/v2\/types\/page"}],"author":[{"embeddable":true,"href":"https:\/\/www.italiaonline.it\/archivio\/wp-json\/wp\/v2\/users\/2"}],"replies":[{"embeddable":true,"href":"https:\/\/www.italiaonline.it\/archivio\/wp-json\/wp\/v2\/comments?post=17737"}],"version-history":[{"count":2,"href":"https:\/\/www.italiaonline.it\/archivio\/wp-json\/wp\/v2\/pages\/17737\/revisions"}],"predecessor-version":[{"id":47288,"href":"https:\/\/www.italiaonline.it\/archivio\/wp-json\/wp\/v2\/pages\/17737\/revisions\/47288"}],"up":[{"embeddable":true,"href":"https:\/\/www.italiaonline.it\/archivio\/wp-json\/wp\/v2\/pages\/211"}],"wp:attachment":[{"href":"https:\/\/www.italiaonline.it\/archivio\/wp-json\/wp\/v2\/media?parent=17737"}],"curies":[{"name":"wp","href":"https:\/\/api.w.org\/{rel}","templated":true}]}}